{"id":617,"date":"2026-01-26T19:48:10","date_gmt":"2026-01-26T19:48:10","guid":{"rendered":"https:\/\/weboldal.de\/?page_id=617"},"modified":"2026-01-28T09:14:20","modified_gmt":"2026-01-28T09:14:20","slug":"impressum","status":"publish","type":"page","link":"https:\/\/weboldal.de\/hu\/impressum\/","title":{"rendered":"Impresszum"},"content":{"rendered":"<div data-elementor-type=\"wp-page\" data-elementor-id=\"617\" class=\"elementor elementor-617\" data-elementor-post-type=\"page\">\n\t\t\t\t<div class=\"elementor-element elementor-element-7ce19114 e-flex e-con-boxed e-con e-parent\" data-id=\"7ce19114\" data-element_type=\"container\" data-e-type=\"container\">\n\t\t\t\t\t<div class=\"e-con-inner\">\n\t\t\t\t<div class=\"elementor-element elementor-element-3fd2f5b elementor-widget elementor-widget-heading\" data-id=\"3fd2f5b\" data-element_type=\"widget\" data-e-type=\"widget\" data-widget_type=\"heading.default\">\n\t\t\t\t\t<h2 class=\"elementor-heading-title elementor-size-default\">Impresszum<\/h2>\t\t\t\t<\/div>\n\t\t\t\t<div class=\"elementor-element elementor-element-26b9aff0 elementor-widget elementor-widget-text-editor\" data-id=\"26b9aff0\" data-element_type=\"widget\" data-e-type=\"widget\" data-widget_type=\"text-editor.default\">\n\t\t\t\t\t\t\t\t\t\n<h2 class=\"wp-block-heading\"><strong>Angaben gem\u00e4\u00df \u00a7 5 TMG<\/strong><\/h2>\n\n<p><br \/>Ungarischer Pfadfinderpark-Verein e.V. (ungarisch: Magyar Cserkeszpark Egyes\u00fclet e.V.)<br \/>c\/o Lydia Jablonkay<br \/>Talstr. 30<br \/>72336 Balingen<br \/>Vereinsregister: 12154<br \/>Registergericht: Amtsgericht M\u00fcnchen<br \/>Vertreten durch den Vorstand:<br \/>Lydia Jablonkay, 1. Vorsitzende; Csaba D\u00f3ry, 2. Vorsitzender; Andr\u00e1s Makovi, Schatzmeister; Bern\u00e1t Horv\u00e1th, Beisitzer; Dr. Korn\u00e9l Klement, Beisitzer<\/p>\n\n<h2 class=\"wp-block-heading\"><strong>Kontakt<\/strong><\/h2>\n\n<p><br \/>Telefon: +49 7433 276314<br \/>E-Mail: pfadfinderpark@gmx.de<\/p>\n\n<p>Wir sind nicht verpflichtet, an Streitbeilegungsverfahren vor einer Verbraucherschlichtungsstelle teilzunehmen.<\/p>\n\n<h2 class=\"wp-block-heading\"><strong>Haftung f\u00fcr Inhalte<\/strong><\/h2>\n\n<p><br \/>Als Diensteanbieter sind wir gem\u00e4\u00df \u00a7 7 Abs.1 TMG f\u00fcr eigene Inhalte auf diesen Seiten nach den allgemeinen Gesetzen verantwortlich. Nach \u00a7\u00a7 8 bis 10 TMG sind wir als Diensteanbieter jedoch nicht verpflichtet, \u00fcbermittelte oder gespeicherte fremde Informationen zu \u00fcberwachen oder nach Umst\u00e4nden zu forschen, die auf eine rechtswidrige T\u00e4tigkeit hinweisen. Verpflichtungen zur Entfernung oder Sperrung der Nutzung von Informationen nach den allgemeinen Gesetzen bleiben hiervon unber\u00fchrt. Eine diesbez\u00fcgliche Haftung ist jedoch erst ab dem Zeitpunkt der Kenntnis einer konkreten Rechtsverletzung m\u00f6glich. Bei Bekanntwerden von entsprechenden Rechtsverletzungen werden wir diese Inhalte umgehend entfernen.<\/p>\n\n<h2 class=\"wp-block-heading\"><strong>Haftung f\u00fcr Links<\/strong><\/h2>\n\n<p><br \/>Unser Angebot enth\u00e4lt Links zu externen Websites Dritter, auf deren Inhalte wir keinen Einfluss haben. Deshalb k\u00f6nnen wir f\u00fcr diese fremden Inhalte auch keine Gew\u00e4hr \u00fcbernehmen. F\u00fcr die Inhalte der verlinkten Seiten ist stets der jeweilige Anbieter oder Betreiber der Seiten verantwortlich. Die verlinkten Seiten wurden zum Zeitpunkt der Verlinkung auf m\u00f6gliche Rechtsverst\u00f6\u00dfe \u00fcberpr\u00fcft. Rechtswidrige Inhalte waren zum Zeitpunkt der Verlinkung nicht erkennbar. Eine permanente inhaltliche Kontrolle der verlinkten Seiten ist jedoch ohne konkrete Anhaltspunkte einer<br \/>Rechtsverletzung nicht zumutbar. Bei Bekanntwerden von Rechtsverletzungen werden wir derartige Links umgehend entfernen.<\/p>\n\n<p><strong>Urheberrecht<\/strong><br \/>Die durch die Seitenbetreiber erstellten Inhalte und Werke auf diesen Seiten unterliegen dem deutschen Urheberrecht. Die Vervielf\u00e4ltigung, Bearbeitung, Verbreitung und jede Art der Verwertung au\u00dferhalb der Grenzen des Urheberrechtes bed\u00fcrfen der schriftlichen Zustimmung des jeweiligen Autors bzw. Erstellers. Downloads und Kopien dieser Seite sind nur f\u00fcr den privaten, nicht kommerziellen Gebrauch gestattet. Soweit die Inhalte auf dieser Seite nicht vom Betreiber erstellt wurden, werden die Urheberrechte Dritter beachtet. Insbesondere werden Inhalte Dritter als solche gekennzeichnet. Sollten Sie trotzdem auf eine Urheberrechtsverletzung aufmerksam werden, bitten wir um einen entsprechenden Hinweis. Bei Bekanntwerden von Rechtsverletzungen werden wir derartige Inhalte umgehend entfernen.<\/p>\n\n<p>Quelle: e-recht24.de<\/p>\n\t\t\t\t\t\t\t\t<\/div>\n\t\t\t\t\t<\/div>\n\t\t\t\t<\/div>\n\t\t\t\t<\/div>","protected":false},"excerpt":{"rendered":"<p>Impressum Angaben gem\u00e4\u00df \u00a7 5 TMG Ungarischer Pfadfinderpark-Verein e.V. (ungarisch: Magyar Cserkeszpark Egyes\u00fclet e.V.)c\/o Lydia JablonkayTalstr. 3072336 BalingenVereinsregister: 12154Registergericht: Amtsgericht M\u00fcnchenVertreten durch den Vorstand:Lydia Jablonkay, 1. Vorsitzende; Csaba D\u00f3ry, 2. Vorsitzender; Andr\u00e1s Makovi, Schatzmeister; Bern\u00e1t Horv\u00e1th, Beisitzer; Dr. Korn\u00e9l Klement, Beisitzer Kontakt Telefon: +49 7433 276314E-Mail: pfadfinderpark@gmx.de Wir sind nicht verpflichtet, an Streitbeilegungsverfahren vor einer [&hellip;]<\/p>\n","protected":false},"author":1,"featured_media":0,"parent":0,"menu_order":0,"comment_status":"closed","ping_status":"closed","template":"elementor_canvas","meta":{"footnotes":""},"class_list":["post-617","page","type-page","status-publish","hentry"],"_links":{"self":[{"href":"https:\/\/weboldal.de\/hu\/wp-json\/wp\/v2\/pages\/617","targetHints":{"allow":["GET"]}}],"collection":[{"href":"https:\/\/weboldal.de\/hu\/wp-json\/wp\/v2\/pages"}],"about":[{"href":"https:\/\/weboldal.de\/hu\/wp-json\/wp\/v2\/types\/page"}],"author":[{"embeddable":true,"href":"https:\/\/weboldal.de\/hu\/wp-json\/wp\/v2\/users\/1"}],"replies":[{"embeddable":true,"href":"https:\/\/weboldal.de\/hu\/wp-json\/wp\/v2\/comments?post=617"}],"version-history":[{"count":6,"href":"https:\/\/weboldal.de\/hu\/wp-json\/wp\/v2\/pages\/617\/revisions"}],"predecessor-version":[{"id":905,"href":"https:\/\/weboldal.de\/hu\/wp-json\/wp\/v2\/pages\/617\/revisions\/905"}],"wp:attachment":[{"href":"https:\/\/weboldal.de\/hu\/wp-json\/wp\/v2\/media?parent=617"}],"curies":[{"name":"wp","href":"https:\/\/api.w.org\/{rel}","templated":true}]}}