{"id":64,"date":"2026-01-05T16:20:53","date_gmt":"2026-01-05T16:20:53","guid":{"rendered":"https:\/\/weboldal.de\/index.php\/works\/"},"modified":"2026-03-26T16:27:30","modified_gmt":"2026-03-26T16:27:30","slug":"startseite","status":"publish","type":"page","link":"https:\/\/weboldal.de\/hu\/","title":{"rendered":"F\u0151oldal"},"content":{"rendered":"<div data-elementor-type=\"wp-page\" data-elementor-id=\"64\" class=\"elementor elementor-64\" data-elementor-post-type=\"page\">\n\t\t\t\t<div class=\"elementor-element elementor-element-5963ab37 e-con-full e-flex e-con e-parent\" data-id=\"5963ab37\" data-element_type=\"container\" data-e-type=\"container\" data-settings=\"{&quot;background_background&quot;:&quot;classic&quot;}\">\n\t\t<div class=\"elementor-element elementor-element-3f7ccafa e-con-full e-flex e-con e-child\" data-id=\"3f7ccafa\" data-element_type=\"container\" data-e-type=\"container\">\n\t\t<div class=\"elementor-element elementor-element-8f3f9f3 e-con-full e-flex e-con e-child\" data-id=\"8f3f9f3\" data-element_type=\"container\" data-e-type=\"container\">\n\t\t<div class=\"elementor-element elementor-element-42d90d0 e-con-full e-flex e-con e-child\" data-id=\"42d90d0\" data-element_type=\"container\" data-e-type=\"container\">\n\t\t\t\t<div class=\"elementor-element elementor-element-aeafc80 elementor-widget elementor-widget-image\" data-id=\"aeafc80\" data-element_type=\"widget\" data-e-type=\"widget\" data-widget_type=\"image.default\">\n\t\t\t\t\t\t\t\t\t\t\t\t\t\t\t<img fetchpriority=\"high\" decoding=\"async\" width=\"512\" height=\"512\" src=\"https:\/\/weboldal.de\/wp-content\/uploads\/2026\/01\/harsfa-logo-512x512-1.png\" class=\"attachment-large size-large wp-image-92\" alt=\"\" srcset=\"https:\/\/weboldal.de\/wp-content\/uploads\/2026\/01\/harsfa-logo-512x512-1.png 512w, https:\/\/weboldal.de\/wp-content\/uploads\/2026\/01\/harsfa-logo-512x512-1-300x300.png 300w, https:\/\/weboldal.de\/wp-content\/uploads\/2026\/01\/harsfa-logo-512x512-1-150x150.png 150w\" sizes=\"(max-width: 512px) 100vw, 512px\" \/>\t\t\t\t\t\t\t\t\t\t\t\t\t\t\t<\/div>\n\t\t\t\t<\/div>\n\t\t<div class=\"elementor-element elementor-element-0108b71 e-con-full e-flex e-con e-child\" data-id=\"0108b71\" data-element_type=\"container\" data-e-type=\"container\">\n\t\t\t\t<div class=\"elementor-element elementor-element-190c4e7b elementor-widget elementor-widget-heading\" data-id=\"190c4e7b\" data-element_type=\"widget\" data-e-type=\"widget\" data-widget_type=\"heading.default\">\n\t\t\t\t\t<h1 class=\"elementor-heading-title elementor-size-default\">Cserk\u00e9szpark<br>kASTL<\/h1>\t\t\t\t<\/div>\n\t\t\t\t<div class=\"elementor-element elementor-element-793feb72 elementor-widget elementor-widget-text-editor\" data-id=\"793feb72\" data-element_type=\"widget\" data-e-type=\"widget\" data-widget_type=\"text-editor.default\">\n\t\t\t\t\t\t\t\t\t<h3>a Kastl Mennersbergi magyar cserk\u00e9szpark<\/h3>\t\t\t\t\t\t\t\t<\/div>\n\t\t\t\t<\/div>\n\t\t\t\t<\/div>\n\t\t\t\t<\/div>\n\t\t<div class=\"elementor-element elementor-element-5dff37f e-con-full e-flex e-con e-child\" data-id=\"5dff37f\" data-element_type=\"container\" data-e-type=\"container\">\n\t\t<div class=\"elementor-element elementor-element-a61b104 e-con-full e-flex e-con e-child\" data-id=\"a61b104\" data-element_type=\"container\" data-e-type=\"container\">\n\t\t\t\t<div class=\"elementor-element elementor-element-27846a02 elementor-view-framed elementor-shape-circle elementor-widget elementor-widget-icon\" data-id=\"27846a02\" data-element_type=\"widget\" data-e-type=\"widget\" data-widget_type=\"icon.default\">\n\t\t\t\t\t\t\t<div class=\"elementor-icon-wrapper\">\n\t\t\t<a class=\"elementor-icon elementor-animation-shrink\" href=\"#park\">\n\t\t\t<svg aria-hidden=\"true\" class=\"e-font-icon-svg e-fas-arrow-down\" viewbox=\"0 0 448 512\" xmlns=\"http:\/\/www.w3.org\/2000\/svg\"><path d=\"M413.1 222.5l22.2 22.2c9.4 9.4 9.4 24.6 0 33.9L241 473c-9.4 9.4-24.6 9.4-33.9 0L12.7 278.6c-9.4-9.4-9.4-24.6 0-33.9l22.2-22.2c9.5-9.5 25-9.3 34.3.4L184 343.4V56c0-13.3 10.7-24 24-24h32c13.3 0 24 10.7 24 24v287.4l114.8-120.5c9.3-9.8 24.8-10 34.3-.4z\"><\/path><\/svg>\t\t\t<\/a>\n\t\t<\/div>\n\t\t\t\t\t\t<\/div>\n\t\t\t\t<\/div>\n\t\t<div class=\"elementor-element elementor-element-55464fe2 e-con-full e-flex e-con e-child\" data-id=\"55464fe2\" data-element_type=\"container\" data-e-type=\"container\">\n\t\t\t\t<div class=\"elementor-element elementor-element-6b373db7 elementor-icon-list--layout-traditional elementor-list-item-link-full_width elementor-widget elementor-widget-icon-list\" data-id=\"6b373db7\" data-element_type=\"widget\" data-e-type=\"widget\" data-widget_type=\"icon-list.default\">\n\t\t\t\t\t\t\t<ul class=\"elementor-icon-list-items\">\n\t\t\t\t\t\t\t<li class=\"elementor-icon-list-item\">\n\t\t\t\t\t\t\t\t\t\t\t<a href=\"#park\">\n\n\t\t\t\t\t\t\t\t\t\t\t\t<span class=\"elementor-icon-list-icon\">\n\t\t\t\t\t\t\t<svg xmlns=\"http:\/\/www.w3.org\/2000\/svg\" id=\"e36ffd47-1d77-4f27-ad31-c238e7c661ff\" data-name=\"Layer 1\" width=\"17.3457\" height=\"17.3467\" viewbox=\"0 0 17.3457 17.3467\"><polygon points=\"0 0 0 2.7 12.715 2.7 0.041 15.393 1.951 17.301 14.646 4.587 14.646 17.347 17.346 17.347 17.346 0 0 0\"><\/polygon><\/svg>\t\t\t\t\t\t<\/span>\n\t\t\t\t\t\t\t\t\t\t<span class=\"elementor-icon-list-text\">a Park<\/span>\n\t\t\t\t\t\t\t\t\t\t\t<\/a>\n\t\t\t\t\t\t\t\t\t<\/li>\n\t\t\t\t\t\t\t\t<li class=\"elementor-icon-list-item\">\n\t\t\t\t\t\t\t\t\t\t\t<a href=\"#uberuns\">\n\n\t\t\t\t\t\t\t\t\t\t\t\t<span class=\"elementor-icon-list-icon\">\n\t\t\t\t\t\t\t<svg xmlns=\"http:\/\/www.w3.org\/2000\/svg\" id=\"e36ffd47-1d77-4f27-ad31-c238e7c661ff\" data-name=\"Layer 1\" width=\"17.3457\" height=\"17.3467\" viewbox=\"0 0 17.3457 17.3467\"><polygon points=\"0 0 0 2.7 12.715 2.7 0.041 15.393 1.951 17.301 14.646 4.587 14.646 17.347 17.346 17.347 17.346 0 0 0\"><\/polygon><\/svg>\t\t\t\t\t\t<\/span>\n\t\t\t\t\t\t\t\t\t\t<span class=\"elementor-icon-list-text\">R\u00f3lunk<\/span>\n\t\t\t\t\t\t\t\t\t\t\t<\/a>\n\t\t\t\t\t\t\t\t\t<\/li>\n\t\t\t\t\t\t\t\t<li class=\"elementor-icon-list-item\">\n\t\t\t\t\t\t\t\t\t\t\t<a href=\"#Kontakt\">\n\n\t\t\t\t\t\t\t\t\t\t\t\t<span class=\"elementor-icon-list-icon\">\n\t\t\t\t\t\t\t<svg xmlns=\"http:\/\/www.w3.org\/2000\/svg\" id=\"e36ffd47-1d77-4f27-ad31-c238e7c661ff\" data-name=\"Layer 1\" width=\"17.3457\" height=\"17.3467\" viewbox=\"0 0 17.3457 17.3467\"><polygon points=\"0 0 0 2.7 12.715 2.7 0.041 15.393 1.951 17.301 14.646 4.587 14.646 17.347 17.346 17.347 17.346 0 0 0\"><\/polygon><\/svg>\t\t\t\t\t\t<\/span>\n\t\t\t\t\t\t\t\t\t\t<span class=\"elementor-icon-list-text\">Kontakt\/Foglal\u00e1s<\/span>\n\t\t\t\t\t\t\t\t\t\t\t<\/a>\n\t\t\t\t\t\t\t\t\t<\/li>\n\t\t\t\t\t\t<\/ul>\n\t\t\t\t\t\t<\/div>\n\t\t\t\t<\/div>\n\t\t\t\t<\/div>\n\t\t\t\t<\/div>\n\t\t<div class=\"elementor-element elementor-element-2a3c9337 e-con-full e-flex e-con e-parent\" data-id=\"2a3c9337\" data-element_type=\"container\" data-e-type=\"container\" id=\"park\" data-settings=\"{&quot;background_background&quot;:&quot;classic&quot;}\">\n\t\t\t\t<div class=\"elementor-element elementor-element-6e835602 elementor-widget elementor-widget-heading\" data-id=\"6e835602\" data-element_type=\"widget\" data-e-type=\"widget\" data-widget_type=\"heading.default\">\n\t\t\t\t\t<h2 class=\"elementor-heading-title elementor-size-default\">a Park.<\/h2>\t\t\t\t<\/div>\n\t\t\t\t<div class=\"elementor-element elementor-element-0ba9cf0 elementor-view-framed elementor-shape-circle elementor-widget elementor-widget-icon\" data-id=\"0ba9cf0\" data-element_type=\"widget\" data-e-type=\"widget\" data-widget_type=\"icon.default\">\n\t\t\t\t\t\t\t<div class=\"elementor-icon-wrapper\">\n\t\t\t<a class=\"elementor-icon elementor-animation-shrink\" href=\"#uberuns\">\n\t\t\t<svg aria-hidden=\"true\" class=\"e-font-icon-svg e-fas-arrow-down\" viewbox=\"0 0 448 512\" xmlns=\"http:\/\/www.w3.org\/2000\/svg\"><path d=\"M413.1 222.5l22.2 22.2c9.4 9.4 9.4 24.6 0 33.9L241 473c-9.4 9.4-24.6 9.4-33.9 0L12.7 278.6c-9.4-9.4-9.4-24.6 0-33.9l22.2-22.2c9.5-9.5 25-9.3 34.3.4L184 343.4V56c0-13.3 10.7-24 24-24h32c13.3 0 24 10.7 24 24v287.4l114.8-120.5c9.3-9.8 24.8-10 34.3-.4z\"><\/path><\/svg>\t\t\t<\/a>\n\t\t<\/div>\n\t\t\t\t\t\t<\/div>\n\t\t\t\t<div class=\"elementor-element elementor-element-6b2c7c45 elementor-widget elementor-widget-cta\" data-id=\"6b2c7c45\" data-element_type=\"widget\" data-e-type=\"widget\" data-settings=\"{&quot;layout_preset&quot;:&quot;focus&quot;,&quot;cta_vertical_position&quot;:&quot;start&quot;,&quot;box_shape&quot;:&quot;sharp&quot;}\" data-widget_type=\"cta.default\">\n\t\t\t\t<div class=\"elementor-widget-container\">\n\t\t\t\t\t\t\t<div class=\"has-shape-sharp shape-type-box ehp-cta has-preset-focus\">\n\t\t\t<div class=\"ehp-cta__overlay\"><\/div>\n\t\t\t<div class=\"ehp-cta__elements-container\">\n\t\t\t\t\t\t<div class=\"ehp-cta__text-container\">\n\t\t\t<p class=\"ehp-cta__description\">Helysz\u00ednek szabadid\u0151s tev\u00e9kenys\u00e9gekhez \u00e9s sokf\u00e9le rendezv\u00e9nyhez.<\/p>\t\t<\/div>\n\t\t\t\t\t<div class=\"ehp-cta__ctas-container\">\n\t\t\t\t<div class=\"ehp-cta__buttons-wrapper\">\n\t\t\t\t\t\t\t<a class=\"ehp-button ehp-button--primary ehp-cta__button ehp-cta__button--primary is-type-link\" href=\"https:\/\/weboldal.de\/hu\/der-park\/\">\n\t\t\t<svg xmlns=\"http:\/\/www.w3.org\/2000\/svg\" id=\"e36ffd47-1d77-4f27-ad31-c238e7c661ff\" data-name=\"Layer 1\" width=\"17.3457\" height=\"17.3467\" viewbox=\"0 0 17.3457 17.3467\"><polygon points=\"0 0 0 2.7 12.715 2.7 0.041 15.393 1.951 17.301 14.646 4.587 14.646 17.347 17.346 17.347 17.346 0 0 0\"><\/polygon><\/svg>\t\t<span class=\"ehp-button__text ehp-cta__button-text ehp-cta__button-text--primary\">\n\t\t\tTov\u00e1bbi inform\u00e1ci\u00f3k a parkr\u00f3l\t\t\t\t<\/a>\n\t\t\t\t\t\t\t\t\t\t\t<\/div>\n\t\t\t<\/div>\n\t\t\t\t\t<\/div>\n\t\t<\/div>\n\t\t\t\t\t\t<\/div>\n\t\t\t\t<\/div>\n\t\t\t\t<\/div>\n\t\t<div class=\"elementor-element elementor-element-5dc573cd e-con-full e-flex e-con e-parent\" data-id=\"5dc573cd\" data-element_type=\"container\" data-e-type=\"container\" id=\"uberuns\" data-settings=\"{&quot;background_background&quot;:&quot;classic&quot;}\">\n\t\t\t\t<div class=\"elementor-element elementor-element-5041f29e elementor-widget elementor-widget-heading\" data-id=\"5041f29e\" data-element_type=\"widget\" data-e-type=\"widget\" data-widget_type=\"heading.default\">\n\t\t\t\t\t<h2 class=\"elementor-heading-title elementor-size-default\">R\u00f3lunk.<\/h2>\t\t\t\t<\/div>\n\t\t\t\t<div class=\"elementor-element elementor-element-83fc670 elementor-view-framed elementor-shape-circle elementor-widget elementor-widget-icon\" data-id=\"83fc670\" data-element_type=\"widget\" data-e-type=\"widget\" data-widget_type=\"icon.default\">\n\t\t\t\t\t\t\t<div class=\"elementor-icon-wrapper\">\n\t\t\t<a class=\"elementor-icon elementor-animation-shrink\" href=\"#Galerie\">\n\t\t\t<svg aria-hidden=\"true\" class=\"e-font-icon-svg e-fas-arrow-down\" viewbox=\"0 0 448 512\" xmlns=\"http:\/\/www.w3.org\/2000\/svg\"><path d=\"M413.1 222.5l22.2 22.2c9.4 9.4 9.4 24.6 0 33.9L241 473c-9.4 9.4-24.6 9.4-33.9 0L12.7 278.6c-9.4-9.4-9.4-24.6 0-33.9l22.2-22.2c9.5-9.5 25-9.3 34.3.4L184 343.4V56c0-13.3 10.7-24 24-24h32c13.3 0 24 10.7 24 24v287.4l114.8-120.5c9.3-9.8 24.8-10 34.3-.4z\"><\/path><\/svg>\t\t\t<\/a>\n\t\t<\/div>\n\t\t\t\t\t\t<\/div>\n\t\t\t\t<div class=\"elementor-element elementor-element-7df4cfdc elementor-widget elementor-widget-cta\" data-id=\"7df4cfdc\" data-element_type=\"widget\" data-e-type=\"widget\" data-settings=\"{&quot;layout_preset&quot;:&quot;focus&quot;,&quot;cta_vertical_position&quot;:&quot;start&quot;,&quot;box_shape&quot;:&quot;sharp&quot;}\" data-widget_type=\"cta.default\">\n\t\t\t\t<div class=\"elementor-widget-container\">\n\t\t\t\t\t\t\t<div class=\"has-shape-sharp shape-type-box ehp-cta has-preset-focus\">\n\t\t\t<div class=\"ehp-cta__overlay\"><\/div>\n\t\t\t<div class=\"ehp-cta__elements-container\">\n\t\t\t\t\t\t<div class=\"ehp-cta__text-container\">\n\t\t\t<p class=\"ehp-cta__description\">\"Pr\u00f3b\u00e1lj\u00e1tok meg \u00fagy elhagyni a parkunkat, hogy jobb \u00e1llapotban legyen, mint amilyenben tal\u00e1lt\u00e1tok.\" <br>Baden Powell\n\n<\/p>\t\t<\/div>\n\t\t\t\t\t<div class=\"ehp-cta__ctas-container\">\n\t\t\t\t<div class=\"ehp-cta__buttons-wrapper\">\n\t\t\t\t\t\t\t<a class=\"ehp-button ehp-button--primary ehp-cta__button ehp-cta__button--primary is-type-link\" href=\"https:\/\/weboldal.de\/hu\/ueber-uns\/\">\n\t\t\t<svg xmlns=\"http:\/\/www.w3.org\/2000\/svg\" id=\"e36ffd47-1d77-4f27-ad31-c238e7c661ff\" data-name=\"Layer 1\" width=\"17.3457\" height=\"17.3467\" viewbox=\"0 0 17.3457 17.3467\"><polygon points=\"0 0 0 2.7 12.715 2.7 0.041 15.393 1.951 17.301 14.646 4.587 14.646 17.347 17.346 17.347 17.346 0 0 0\"><\/polygon><\/svg>\t\t<span class=\"ehp-button__text ehp-cta__button-text ehp-cta__button-text--primary\">\n\t\t\tTudjon meg t\u00f6bbet r\u00f3lunk\t\t\t\t<\/a>\n\t\t\t\t\t\t\t\t\t\t\t<\/div>\n\t\t\t<\/div>\n\t\t\t\t\t<\/div>\n\t\t<\/div>\n\t\t\t\t\t\t<\/div>\n\t\t\t\t<\/div>\n\t\t\t\t<\/div>\n\t\t<div class=\"elementor-element elementor-element-b001d88 e-con-full e-flex e-con e-parent\" data-id=\"b001d88\" data-element_type=\"container\" data-e-type=\"container\" id=\"Galerie\" data-settings=\"{&quot;background_background&quot;:&quot;classic&quot;}\">\n\t\t\t\t<div class=\"elementor-element elementor-element-a03b430 elementor-widget elementor-widget-heading\" data-id=\"a03b430\" data-element_type=\"widget\" data-e-type=\"widget\" data-widget_type=\"heading.default\">\n\t\t\t\t\t<h2 class=\"elementor-heading-title elementor-size-default\">Gal\u00e9ria.<\/h2>\t\t\t\t<\/div>\n\t\t\t\t<div class=\"elementor-element elementor-element-cac941c elementor-view-framed elementor-shape-circle elementor-widget elementor-widget-icon\" data-id=\"cac941c\" data-element_type=\"widget\" data-e-type=\"widget\" data-widget_type=\"icon.default\">\n\t\t\t\t\t\t\t<div class=\"elementor-icon-wrapper\">\n\t\t\t<a class=\"elementor-icon elementor-animation-shrink\" href=\"#Kontakt\">\n\t\t\t<svg aria-hidden=\"true\" class=\"e-font-icon-svg e-fas-arrow-down\" viewbox=\"0 0 448 512\" xmlns=\"http:\/\/www.w3.org\/2000\/svg\"><path d=\"M413.1 222.5l22.2 22.2c9.4 9.4 9.4 24.6 0 33.9L241 473c-9.4 9.4-24.6 9.4-33.9 0L12.7 278.6c-9.4-9.4-9.4-24.6 0-33.9l22.2-22.2c9.5-9.5 25-9.3 34.3.4L184 343.4V56c0-13.3 10.7-24 24-24h32c13.3 0 24 10.7 24 24v287.4l114.8-120.5c9.3-9.8 24.8-10 34.3-.4z\"><\/path><\/svg>\t\t\t<\/a>\n\t\t<\/div>\n\t\t\t\t\t\t<\/div>\n\t\t\t\t<div class=\"elementor-element elementor-element-d1944d9 elementor-widget elementor-widget-cta\" data-id=\"d1944d9\" data-element_type=\"widget\" data-e-type=\"widget\" data-settings=\"{&quot;layout_preset&quot;:&quot;focus&quot;,&quot;cta_vertical_position&quot;:&quot;start&quot;,&quot;box_shape&quot;:&quot;sharp&quot;}\" data-widget_type=\"cta.default\">\n\t\t\t\t<div class=\"elementor-widget-container\">\n\t\t\t\t\t\t\t<div class=\"has-shape-sharp shape-type-box ehp-cta has-preset-focus\">\n\t\t\t<div class=\"ehp-cta__overlay\"><\/div>\n\t\t\t<div class=\"ehp-cta__elements-container\">\n\t\t\t\t\t\t<div class=\"ehp-cta__text-container\">\n\t\t\t<p class=\"ehp-cta__description\">Itt tal\u00e1lhat\u00f3 a k\u00e9pgal\u00e9ria\n<\/p>\t\t<\/div>\n\t\t\t\t\t<div class=\"ehp-cta__ctas-container\">\n\t\t\t\t<div class=\"ehp-cta__buttons-wrapper\">\n\t\t\t\t\t\t\t<a class=\"ehp-button ehp-button--primary ehp-cta__button ehp-cta__button--primary is-type-link\" href=\"https:\/\/weboldal.de\/hu\/galerie\/\">\n\t\t\t<svg xmlns=\"http:\/\/www.w3.org\/2000\/svg\" id=\"e36ffd47-1d77-4f27-ad31-c238e7c661ff\" data-name=\"Layer 1\" width=\"17.3457\" height=\"17.3467\" viewbox=\"0 0 17.3457 17.3467\"><polygon points=\"0 0 0 2.7 12.715 2.7 0.041 15.393 1.951 17.301 14.646 4.587 14.646 17.347 17.346 17.347 17.346 0 0 0\"><\/polygon><\/svg>\t\t<span class=\"ehp-button__text ehp-cta__button-text ehp-cta__button-text--primary\">\n\t\t\tA gal\u00e9ri\u00e1hoz\t\t\t\t<\/a>\n\t\t\t\t\t\t\t\t\t\t\t<\/div>\n\t\t\t<\/div>\n\t\t\t\t\t<\/div>\n\t\t<\/div>\n\t\t\t\t\t\t<\/div>\n\t\t\t\t<\/div>\n\t\t\t\t<\/div>\n\t\t<div class=\"elementor-element elementor-element-4cd0b6ac e-con-full e-flex e-con e-parent\" data-id=\"4cd0b6ac\" data-element_type=\"container\" data-e-type=\"container\" id=\"Kontakt\" data-settings=\"{&quot;background_background&quot;:&quot;classic&quot;}\">\n\t\t\t\t<div class=\"elementor-element elementor-element-20fa68d7 elementor-widget elementor-widget-heading\" data-id=\"20fa68d7\" data-element_type=\"widget\" data-e-type=\"widget\" data-widget_type=\"heading.default\">\n\t\t\t\t\t<h2 class=\"elementor-heading-title elementor-size-default\">Kontakt\/<br>Foglal\u00e1s.<\/h2>\t\t\t\t<\/div>\n\t\t\t\t<div class=\"elementor-element elementor-element-5184d8d8 elementor-widget elementor-widget-cta\" data-id=\"5184d8d8\" data-element_type=\"widget\" data-e-type=\"widget\" data-settings=\"{&quot;layout_preset&quot;:&quot;focus&quot;,&quot;cta_vertical_position&quot;:&quot;start&quot;,&quot;box_shape&quot;:&quot;sharp&quot;}\" data-widget_type=\"cta.default\">\n\t\t\t\t<div class=\"elementor-widget-container\">\n\t\t\t\t\t\t\t<div class=\"has-shape-sharp shape-type-box ehp-cta has-preset-focus\">\n\t\t\t<div class=\"ehp-cta__overlay\"><\/div>\n\t\t\t<div class=\"ehp-cta__elements-container\">\n\t\t\t\t\t\t<div class=\"ehp-cta__text-container\">\n\t\t\t<p class=\"ehp-cta__description\">Itt adhatja le foglal\u00e1s\u00e1t.<\/p>\t\t<\/div>\n\t\t\t\t\t<div class=\"ehp-cta__ctas-container\">\n\t\t\t\t<div class=\"ehp-cta__buttons-wrapper\">\n\t\t\t\t\t\t\t<a class=\"ehp-button ehp-button--primary ehp-cta__button ehp-cta__button--primary is-type-link\" href=\"https:\/\/weboldal.de\/hu\/kontakt\/\">\n\t\t\t<svg xmlns=\"http:\/\/www.w3.org\/2000\/svg\" id=\"e36ffd47-1d77-4f27-ad31-c238e7c661ff\" data-name=\"Layer 1\" width=\"17.3457\" height=\"17.3467\" viewbox=\"0 0 17.3457 17.3467\"><polygon points=\"0 0 0 2.7 12.715 2.7 0.041 15.393 1.951 17.301 14.646 4.587 14.646 17.347 17.346 17.347 17.346 0 0 0\"><\/polygon><\/svg>\t\t<span class=\"ehp-button__text ehp-cta__button-text ehp-cta__button-text--primary\">\n\t\t\tFoglaljon most\t\t\t\t<\/a>\n\t\t\t\t\t\t\t\t\t\t\t<\/div>\n\t\t\t<\/div>\n\t\t\t\t\t<\/div>\n\t\t<\/div>\n\t\t\t\t\t\t<\/div>\n\t\t\t\t<\/div>\n\t\t\t\t<\/div>\n\t\t\t\t<\/div>","protected":false},"excerpt":{"rendered":"<p>Pfadfinder&shy;parkkASTL Der ungarische Pfadfinderpark auf dem Mennersberg in Kastl der Park.\u200b \u00fcber uns. Kontakt\/Buchung. der Park. H\u00e4user f\u00fcr Freizeitaktivit\u00e4ten und Veranstaltungen aller Art. Mehr \u00fcber den Park \u00dcber Uns. \u201eVersucht unseren Park in einem besseren Zustand zur\u00fcckzulassen, als Ihr ihn vorgefunden habt.\u201c Baden Powell Mehr \u00fcber uns Galerie. hier finden Sie die Bildergalerie Zur Galerie [&hellip;]<\/p>\n","protected":false},"author":1,"featured_media":0,"parent":0,"menu_order":0,"comment_status":"closed","ping_status":"closed","template":"elementor_header_footer","meta":{"footnotes":""},"class_list":["post-64","page","type-page","status-publish","hentry"],"_links":{"self":[{"href":"https:\/\/weboldal.de\/hu\/wp-json\/wp\/v2\/pages\/64","targetHints":{"allow":["GET"]}}],"collection":[{"href":"https:\/\/weboldal.de\/hu\/wp-json\/wp\/v2\/pages"}],"about":[{"href":"https:\/\/weboldal.de\/hu\/wp-json\/wp\/v2\/types\/page"}],"author":[{"embeddable":true,"href":"https:\/\/weboldal.de\/hu\/wp-json\/wp\/v2\/users\/1"}],"replies":[{"embeddable":true,"href":"https:\/\/weboldal.de\/hu\/wp-json\/wp\/v2\/comments?post=64"}],"version-history":[{"count":260,"href":"https:\/\/weboldal.de\/hu\/wp-json\/wp\/v2\/pages\/64\/revisions"}],"predecessor-version":[{"id":1502,"href":"https:\/\/weboldal.de\/hu\/wp-json\/wp\/v2\/pages\/64\/revisions\/1502"}],"wp:attachment":[{"href":"https:\/\/weboldal.de\/hu\/wp-json\/wp\/v2\/media?parent=64"}],"curies":[{"name":"wp","href":"https:\/\/api.w.org\/{rel}","templated":true}]}}